{"id":6555,"date":"2020-09-09T18:21:50","date_gmt":"2020-09-09T18:21:50","guid":{"rendered":"https:\/\/guardiansrun.com\/half-marathon\/"},"modified":"2022-10-06T09:43:14","modified_gmt":"2022-10-06T13:43:14","slug":"half-marathon","status":"publish","type":"page","link":"https:\/\/guardiansrun.com\/fr\/","title":{"rendered":"OPP Guardians Half Marathon &amp; 5K"},"content":{"rendered":"<div id=\"cs-content\" class=\"cs-content\"><\/div>\n","protected":false},"excerpt":{"rendered":"<p>Pour c\u00e9l\u00e9brer le 35e anniversaire de la course de flambeau de l\u2019agent de la paix, la course de \u00ab\u00a0gardien\u00a0\u00bb est de retour et cette ann\u00e9e est plus grande que jamais. Joignons- nous a Orillia en Ontario du 21 au 23 octobre, 2022 pour une fin de semaine compl\u00e8te de festivit\u00e9s pour c\u00e9l\u00e9brer la course de flambeau et les Olympiques sp\u00e9ciaux &#8230; <\/p>\n<div><a href=\"https:\/\/guardiansrun.com\/fr\/\" class=\"more-link\">Read More<\/a><\/div>\n","protected":false},"author":11,"featured_media":0,"parent":0,"menu_order":0,"comment_status":"closed","ping_status":"closed","template":"","meta":{"rs_blank_template":"","rs_page_bg_color":"","slide_template_v7":"","_price":"","_stock":"","_tribe_ticket_header":"","_tribe_default_ticket_provider":"","_tribe_ticket_capacity":"0","_ticket_start_date":"","_ticket_end_date":"","_tribe_ticket_show_description":"","_tribe_ticket_show_not_going":false,"_tribe_ticket_use_global_stock":"","_tribe_ticket_global_stock_level":"","_global_stock_mode":"","_global_stock_cap":"","_tribe_rsvp_for_event":"","_tribe_ticket_going_count":"","_tribe_ticket_not_going_count":"","_tribe_tickets_list":"[]","_tribe_ticket_has_attendee_info_fields":false,"footnotes":"","_tec_slr_enabled":"","_tec_slr_layout":""},"class_list":["post-6555","page","type-page","status-publish","hentry","no-post-thumbnail"],"acf":[],"ticketed":false,"_links":{"self":[{"href":"https:\/\/guardiansrun.com\/fr\/wp-json\/wp\/v2\/pages\/6555","targetHints":{"allow":["GET"]}}],"collection":[{"href":"https:\/\/guardiansrun.com\/fr\/wp-json\/wp\/v2\/pages"}],"about":[{"href":"https:\/\/guardiansrun.com\/fr\/wp-json\/wp\/v2\/types\/page"}],"author":[{"embeddable":true,"href":"https:\/\/guardiansrun.com\/fr\/wp-json\/wp\/v2\/users\/11"}],"replies":[{"embeddable":true,"href":"https:\/\/guardiansrun.com\/fr\/wp-json\/wp\/v2\/comments?post=6555"}],"version-history":[{"count":0,"href":"https:\/\/guardiansrun.com\/fr\/wp-json\/wp\/v2\/pages\/6555\/revisions"}],"wp:attachment":[{"href":"https:\/\/guardiansrun.com\/fr\/wp-json\/wp\/v2\/media?parent=6555"}],"curies":[{"name":"wp","href":"https:\/\/api.w.org\/{rel}","templated":true}]}}